{"id":2743,"date":"2024-07-02T15:42:33","date_gmt":"2024-07-02T15:42:33","guid":{"rendered":"https:\/\/corsaire-auto35.com\/?post_type=product&#038;p=2743"},"modified":"2024-07-02T15:42:33","modified_gmt":"2024-07-02T15:42:33","slug":"hyundai-i20-1-2i-sport","status":"publish","type":"product","link":"https:\/\/corsaire-auto35.com\/auto\/produto\/hyundai-i20-1-2i-sport\/","title":{"rendered":"Hyundai i20 1.2i SPORT"},"content":{"rendered":"<p>Bluetooth Model 2021\/SEULEMENT **33.000 km**<\/p>\n<p>33.000 km** avec carnet d&#8217;entretien compl\u00e9t\u00e9 chez Hyundai<\/p>\n<p>&#8211; Edition Sp\u00e9cial \/\/\/SPORT<br \/>\n&#8211; Etat : Show-room<br \/>\n-Mod\u00e8le 2021\/ 1e immat.: 26\/10\/2020<br \/>\n&#8211; Volant multi-fonctionnes<br \/>\n&#8211; Cruise control<br \/>\n&#8211; Alerte franchissement involontaire ligne<br \/>\n&#8211; D\u00e9tecteur de lumi\u00e8re et de pluie<br \/>\n&#8211; Phares automatiques<br \/>\n&#8211; R\u00e9troviseurs rabattables + anti-\u00e9blouissement<br \/>\n&#8211; Si\u00e8ges en Sport<br \/>\n&#8211; Reconnaissance vocale<br \/>\n&#8211; Ordinateur de bord<br \/>\n&#8211; Radio DAB Digital \/Bluetooth\/AUX\/USB<br \/>\n&#8211; Connexion Bluetooth<br \/>\n&#8211; Climatisation<br \/>\n&#8211; Isofix (points d&#8217;ancrage des si\u00e8ges pour enfants)<br \/>\n&#8211; Banquette arri\u00e8re rabattable<br \/>\n&#8211; Non-fumeur<br \/>\n&#8211; Indicateur de crevaison<br \/>\n-I 20 \/ 1197cc \/essence \/ 61KW \/ 83CH<br \/>\n-EURO 6\/ 112g\/C02<\/p>","protected":false},"excerpt":{"rendered":"<p>Bluetooth Model 2021\/SEULEMENT **33.000 km** 33.000 km** avec carnet d&#8217;entretien compl\u00e9t\u00e9 chez Hyundai &#8211; Edition Sp\u00e9cial \/\/\/SPORT &#8211; Etat : Show-room -Mod\u00e8le 2021\/ 1e immat.: 26\/10\/2020 &#8211; Volant multi-fonctionnes &#8211; Cruise control &#8211; Alerte franchissement involontaire ligne &#8211; D\u00e9tecteur de lumi\u00e8re et de pluie &#8211; Phares automatiques &#8211; R\u00e9troviseurs rabattables + anti-\u00e9blouissement &#8211; Si\u00e8ges en [&hellip;]<\/p>\n","protected":false},"featured_media":2744,"comment_status":"open","ping_status":"closed","template":"","meta":[],"product_brand":[],"product_cat":[56],"product_tag":[],"class_list":{"0":"post-2743","1":"product","2":"type-product","3":"status-publish","4":"has-post-thumbnail","6":"product_cat-hyundai","8":"first","9":"instock","10":"shipping-taxable","11":"purchasable","12":"product-type-simple"},"_links":{"self":[{"href":"https:\/\/corsaire-auto35.com\/auto\/wp-json\/wp\/v2\/product\/2743","targetHints":{"allow":["GET"]}}],"collection":[{"href":"https:\/\/corsaire-auto35.com\/auto\/wp-json\/wp\/v2\/product"}],"about":[{"href":"https:\/\/corsaire-auto35.com\/auto\/wp-json\/wp\/v2\/types\/product"}],"replies":[{"embeddable":true,"href":"https:\/\/corsaire-auto35.com\/auto\/wp-json\/wp\/v2\/comments?post=2743"}],"wp:featuredmedia":[{"embeddable":true,"href":"https:\/\/corsaire-auto35.com\/auto\/wp-json\/wp\/v2\/media\/2744"}],"wp:attachment":[{"href":"https:\/\/corsaire-auto35.com\/auto\/wp-json\/wp\/v2\/media?parent=2743"}],"wp:term":[{"taxonomy":"product_brand","embeddable":true,"href":"https:\/\/corsaire-auto35.com\/auto\/wp-json\/wp\/v2\/product_brand?post=2743"},{"taxonomy":"product_cat","embeddable":true,"href":"https:\/\/corsaire-auto35.com\/auto\/wp-json\/wp\/v2\/product_cat?post=2743"},{"taxonomy":"product_tag","embeddable":true,"href":"https:\/\/corsaire-auto35.com\/auto\/wp-json\/wp\/v2\/product_tag?post=2743"}],"curies":[{"name":"wp","href":"https:\/\/api.w.org\/{rel}","templated":true}]}}