{"id":2645,"date":"2024-07-02T13:11:58","date_gmt":"2024-07-02T13:11:58","guid":{"rendered":"https:\/\/corsaire-auto35.com\/?post_type=product&#038;p=2645"},"modified":"2024-07-02T13:11:58","modified_gmt":"2024-07-02T13:11:58","slug":"volkswagen-t-roc-1-6-tdi-united","status":"publish","type":"product","link":"https:\/\/corsaire-auto35.com\/auto\/produto\/volkswagen-t-roc-1-6-tdi-united\/","title":{"rendered":"Volkswagen T-Roc 1.6 TDi United"},"content":{"rendered":"<blockquote><p>-97.000 km<br \/>\n&#8211; Edition Sp\u00e9ciale \/United\/Full option<\/p><\/blockquote>\n<p>&#8211; Etat : Show-room<\/p>\n<p>&#8211; Pack United<br \/>\n&#8211; Volant Sport avec partie basse aplatie<br \/>\n&#8211; Virtual Cockpit- Grand Ecran<br \/>\n&#8211; Grand GPS MMI-Professionnel 3D<br \/>\n&#8211; WiFi<br \/>\n&#8211; Apple CarPlay<br \/>\n&#8211; Android CarPlay<br \/>\n&#8211; Cruise control avec fonction de freinage<br \/>\n-** Vehicule Conduit toutes Seul gr\u00e2ce Marquage au Sol Possible de l\u00e2cher totalement Volant ***<br \/>\n&#8211; R\u00e9troviseurs ext\u00e9rieurs rabattables \u00e9lectriquement<br \/>\n&#8211; Park Distance Control avant et arri\u00e8re+ lat\u00e9raux<br \/>\n&#8211; Inserts de d\u00e9coration en Blau Bross\u00e9<br \/>\n&#8211; \u00c9clairage d\u2019ambiance<br \/>\n&#8211; Parking Automatique avec assistance*<br \/>\n&#8211; Climatisation automatique \u00e9lectronique 2 zones<br \/>\n&#8211; D\u00e9tecteur de lumi\u00e8re et de pluie<br \/>\n&#8211; T\u00e9l\u00e9phonie confort avec connectivit\u00e9 smartphone \u00e9tendue (Bluetooth)<br \/>\n&#8211; Reconnaissance vocale<br \/>\n&#8211; Radio DAB \/Bluetooth\/AUX<br \/>\n&#8211; Isofix<br \/>\n&#8211; Banquette arri\u00e8re rabattable<br \/>\n&#8211; Non-fumeur<br \/>\n&#8211; VW T-ROC 1.6 TDI \/ 1598cc Diesel \/85KW \/ 115CV<br \/>\n-EURO 6d TEMP<br \/>\n&#8211; 1e immat.: 01\/2021<\/p>","protected":false},"excerpt":{"rendered":"<p>-97.000 km &#8211; Edition Sp\u00e9ciale \/United\/Full option &#8211; Etat : Show-room &#8211; Pack United &#8211; Volant Sport avec partie basse aplatie &#8211; Virtual Cockpit- Grand Ecran &#8211; Grand GPS MMI-Professionnel 3D &#8211; WiFi &#8211; Apple CarPlay &#8211; Android CarPlay &#8211; Cruise control avec fonction de freinage -** Vehicule Conduit toutes Seul gr\u00e2ce Marquage au Sol [&hellip;]<\/p>\n","protected":false},"featured_media":2646,"comment_status":"open","ping_status":"closed","template":"","meta":[],"product_brand":[],"product_cat":[76],"product_tag":[],"class_list":{"0":"post-2645","1":"product","2":"type-product","3":"status-publish","4":"has-post-thumbnail","6":"product_cat-volkswagen","8":"first","9":"instock","10":"shipping-taxable","11":"purchasable","12":"product-type-simple"},"_links":{"self":[{"href":"https:\/\/corsaire-auto35.com\/auto\/wp-json\/wp\/v2\/product\/2645","targetHints":{"allow":["GET"]}}],"collection":[{"href":"https:\/\/corsaire-auto35.com\/auto\/wp-json\/wp\/v2\/product"}],"about":[{"href":"https:\/\/corsaire-auto35.com\/auto\/wp-json\/wp\/v2\/types\/product"}],"replies":[{"embeddable":true,"href":"https:\/\/corsaire-auto35.com\/auto\/wp-json\/wp\/v2\/comments?post=2645"}],"wp:featuredmedia":[{"embeddable":true,"href":"https:\/\/corsaire-auto35.com\/auto\/wp-json\/wp\/v2\/media\/2646"}],"wp:attachment":[{"href":"https:\/\/corsaire-auto35.com\/auto\/wp-json\/wp\/v2\/media?parent=2645"}],"wp:term":[{"taxonomy":"product_brand","embeddable":true,"href":"https:\/\/corsaire-auto35.com\/auto\/wp-json\/wp\/v2\/product_brand?post=2645"},{"taxonomy":"product_cat","embeddable":true,"href":"https:\/\/corsaire-auto35.com\/auto\/wp-json\/wp\/v2\/product_cat?post=2645"},{"taxonomy":"product_tag","embeddable":true,"href":"https:\/\/corsaire-auto35.com\/auto\/wp-json\/wp\/v2\/product_tag?post=2645"}],"curies":[{"name":"wp","href":"https:\/\/api.w.org\/{rel}","templated":true}]}}