{"id":2614,"date":"2024-07-02T12:59:21","date_gmt":"2024-07-02T12:59:21","guid":{"rendered":"https:\/\/corsaire-auto35.com\/?post_type=product&#038;p=2614"},"modified":"2024-07-02T12:59:21","modified_gmt":"2024-07-02T12:59:21","slug":"audi-a5-2-0tdi-s-line-garantie-1an-s-tronic-toit-ouvrant-full-option","status":"publish","type":"product","link":"https:\/\/corsaire-auto35.com\/auto\/produto\/audi-a5-2-0tdi-s-line-garantie-1an-s-tronic-toit-ouvrant-full-option\/","title":{"rendered":"Audi A5 2.0TDI S-Line *GARANTIE 1an* S-Tronic\/Toit Ouvrant Full option"},"content":{"rendered":"<p>86.000 km<br \/>\n&#8211; Edition Sp\u00e9ciale \/S-Line\/Full option- Etat : Show-room<br \/>\n&#8211; Toit Ouvrant Panaramique- Pack Exterieur\/int\u00e9rieur S-Line :<br \/>\n&#8211; Volant Sport S-Line multi-fonctions avec partie basse aplatie<br \/>\n&#8211; Palettes au volant- Grand GPS MMI-Professionnel 3D<br \/>\n&#8211; Virtual Cockpit- Ecran GPS Sur Tableau de bord<br \/>\n&#8211; WiFi<br \/>\n&#8211; Apple CarPlay<br \/>\n&#8211; Android CarPlay<br \/>\n&#8211; Bo\u00eete de vitesse automatique S-Tronic \u00e0 9 rapports<br \/>\n&#8211; Audi Drive Select Suspensions r\u00e9glables : Confort, Auto, Dynamique, Individual SPORT<br \/>\n&#8211; Cruise control avec fonction de freinage<br \/>\n&#8211; Acc\u00e8s confort (Ouverture et d\u00e9marrage sans cl\u00e9)KeLesGO<br \/>\n&#8211; R\u00e9troviseurs ext\u00e9rieurs rabattables \u00e9lectriquement<br \/>\n&#8211; Park Distance Control avant et arri\u00e8re+ lat\u00e9raux +CAMERA<br \/>\n&#8211; Inserts de d\u00e9coration en Aluminium<br \/>\n&#8211; \u00c9clairage d\u2019ambiance<br \/>\n&#8211; \u00c9clairage Portes Audi<br \/>\n&#8211; Audi Phone Box (Chargement \u00e0 induction)<br \/>\n&#8211; Cam\u00e9ra+Parking Automatique avec assistance*<br \/>\n&#8211; Climatisation automatique \u00e9lectronique 2 zones<br \/>\n&#8211; Si\u00e8ges Sport S-Line + chauffants<br \/>\n&#8211; D\u00e9tecteur de lumi\u00e8re et de pluie<br \/>\n&#8211; Phares Directionnel Full LED<br \/>\n&#8211; T\u00e9l\u00e9phonie confort avec connectivit\u00e9 smartphone \u00e9tendue (Bluetooth)<br \/>\n&#8211; R\u00e9troviseurs rabattables + anti-\u00e9blouissement<br \/>\n&#8211; Reconnaissance vocale<br \/>\n&#8211; Radio DAB \/Bluetooth\/AUX<br \/>\n&#8211; Carte 2X SD + SIM<br \/>\n&#8211; Isofix<br \/>\n&#8211; Banquette arri\u00e8re rabattable<br \/>\n&#8211; Non-fumeur<br \/>\n&#8211; Hayon arri\u00e8re : Ouverture automatique (t\u00e9l\u00e9commande)<br \/>\n-A5 30 TDI \/ 1968cc \/diesel\/ \/100KW \/ 136CH<br \/>\n-EURO 6d TEMP<br \/>\n-Mod\u00e8le 2021\/ 1e immat.: 09\/2020<\/p>","protected":false},"excerpt":{"rendered":"<p>86.000 km &#8211; Edition Sp\u00e9ciale \/S-Line\/Full option- Etat : Show-room &#8211; Toit Ouvrant Panaramique- Pack Exterieur\/int\u00e9rieur S-Line : &#8211; Volant Sport S-Line multi-fonctions avec partie basse aplatie &#8211; Palettes au volant- Grand GPS MMI-Professionnel 3D &#8211; Virtual Cockpit- Ecran GPS Sur Tableau de bord &#8211; WiFi &#8211; Apple CarPlay &#8211; Android CarPlay &#8211; Bo\u00eete de [&hellip;]<\/p>\n","protected":false},"featured_media":2615,"comment_status":"open","ping_status":"closed","template":"","meta":[],"product_brand":[],"product_cat":[44],"product_tag":[],"class_list":{"0":"post-2614","1":"product","2":"type-product","3":"status-publish","4":"has-post-thumbnail","6":"product_cat-audi","8":"first","9":"instock","10":"shipping-taxable","11":"purchasable","12":"product-type-simple"},"_links":{"self":[{"href":"https:\/\/corsaire-auto35.com\/auto\/wp-json\/wp\/v2\/product\/2614","targetHints":{"allow":["GET"]}}],"collection":[{"href":"https:\/\/corsaire-auto35.com\/auto\/wp-json\/wp\/v2\/product"}],"about":[{"href":"https:\/\/corsaire-auto35.com\/auto\/wp-json\/wp\/v2\/types\/product"}],"replies":[{"embeddable":true,"href":"https:\/\/corsaire-auto35.com\/auto\/wp-json\/wp\/v2\/comments?post=2614"}],"wp:featuredmedia":[{"embeddable":true,"href":"https:\/\/corsaire-auto35.com\/auto\/wp-json\/wp\/v2\/media\/2615"}],"wp:attachment":[{"href":"https:\/\/corsaire-auto35.com\/auto\/wp-json\/wp\/v2\/media?parent=2614"}],"wp:term":[{"taxonomy":"product_brand","embeddable":true,"href":"https:\/\/corsaire-auto35.com\/auto\/wp-json\/wp\/v2\/product_brand?post=2614"},{"taxonomy":"product_cat","embeddable":true,"href":"https:\/\/corsaire-auto35.com\/auto\/wp-json\/wp\/v2\/product_cat?post=2614"},{"taxonomy":"product_tag","embeddable":true,"href":"https:\/\/corsaire-auto35.com\/auto\/wp-json\/wp\/v2\/product_tag?post=2614"}],"curies":[{"name":"wp","href":"https:\/\/api.w.org\/{rel}","templated":true}]}}