{"id":2587,"date":"2024-07-02T12:46:34","date_gmt":"2024-07-02T12:46:34","guid":{"rendered":"https:\/\/corsaire-auto35.com\/?post_type=product&#038;p=2587"},"modified":"2024-07-02T12:46:34","modified_gmt":"2024-07-02T12:46:34","slug":"mercedes-benz-a-160-%e2%9b%bd%ef%b8%8f-essence-pack-sport-garantie-1anvirtual-cockpit-full-option","status":"publish","type":"product","link":"https:\/\/corsaire-auto35.com\/auto\/produto\/mercedes-benz-a-160-%e2%9b%bd%ef%b8%8f-essence-pack-sport-garantie-1anvirtual-cockpit-full-option\/","title":{"rendered":"Mercedes-Benz A 160 \u26fd\ufe0f essence  Pack SPORT *GARANTIE 1AN*Virtual Cockpit\/Full Option"},"content":{"rendered":"<p>55.000km\ud83d\udc47\u2705<\/p>\n<p>\ud83d\udcaf\u00b0\u00b0|| Garantie 1 an (pi\u00e8ces et main-d \u0153uvre) ||\u00b0\u00b0<\/p>\n<p>&#8211; V\u00e9hicule belge \/ 1er propri\u00e9taire &#8211; SEULEMENT 55.000km avec carnet d&#8217;entretien compl\u00e9t\u00e9 chez Mercedes-Benz<\/p>\n<p>&#8211; Edition Limit\u00e9e \/**by Daimler** Pack Sport \/\/<br \/>\n&#8211; &#8211; Attelage Remorque Electrique<br \/>\nEtat : Show-room<\/p>\n<blockquote><p>&#8211; Virtual Cockpit<br \/>\n&#8211; Syst\u00e8me Sonorisation Burmester<br \/>\n&#8211; Grand GPS-Professionnel 3D<br \/>\n&#8211; Reconnaissance automatique des panneaux de signalisation<br \/>\n&#8211; Eclairage d&#8217;ambiance (64 couleurs et 10 th\u00e8mes)<br \/>\n&#8211; Apple CarPlay<br \/>\n&#8211; Contacteur DYNAMIC SELECT -Suspensions r\u00e9glables : Confort, Individuel Eco, Normale, SPORT<br \/>\n&#8211; *Parking Automatique avec assistance*<br \/>\n&#8211; Radars de recul \/ avant \/ lat\u00e9raux +CAM\u00c9RA<br \/>\n&#8211; Connexion Internet +WIFI avec Satellite<br \/>\n&#8211; **Module de communication HERMES UMTS +Mercedes Me<br \/>\n&#8211; PREVENTION ASSIST PLUS, syst\u00e8me de pr\u00e9vention d&#8217;accident *<br \/>\n-*Cruise control**<br \/>\n&#8211; Volant SPORT &#8211; multi-fonctionnes<br \/>\n&#8211; Fonction d&#8217;ouverture et d\u00e9marrage sans cl\u00e9 Keyless-Access<br \/>\n&#8211; Suspensions *SPORT \/ DYNAMIC SELECT<br \/>\n&#8211; D\u00e9tecteur de lumi\u00e8re et de pluie<br \/>\n&#8211; Capteur de FATIGUE<br \/>\n&#8211; D\u00e9tecteur de lumi\u00e8re et de pluie<br \/>\n&#8211; Phares automatiques Full+LED hautes performances<br \/>\n&#8211; R\u00e9troviseurs rabattables + anti-\u00e9blouissement<br \/>\n&#8211; Si\u00e8ges SPORT cuir + chauffants<br \/>\n+Soutien lombaire<br \/>\n&#8211; Reconnaissance vocale<br \/>\n&#8211; RadioDAB \/Bluetooth\/AUX\/USB<br \/>\n&#8211; Connexion Bluetooth<br \/>\n&#8211; Climatisation automatique \u00e9lectronique<br \/>\n&#8211; Isofix (points d&#8217;ancrage des si\u00e8ges pour enfants)<br \/>\n&#8211; Banquette arri\u00e8re rabattable<br \/>\n&#8211; Jantes 18 p*SPORT\/\/\/AMG<br \/>\n&#8211; Vitrage athermique fonc\u00e9<br \/>\nA 160 \/ Essence \/1461cc \/ 80KW \/ 108CV<br \/>\n-Mod\u00e8le 2020\/ 1e immat.:06\/2019<br \/>\n-EURO 6 \/ CO2=102g<\/p><\/blockquote>","protected":false},"excerpt":{"rendered":"<p>55.000km\ud83d\udc47\u2705 \ud83d\udcaf\u00b0\u00b0|| Garantie 1 an (pi\u00e8ces et main-d \u0153uvre) ||\u00b0\u00b0 &#8211; V\u00e9hicule belge \/ 1er propri\u00e9taire &#8211; SEULEMENT 55.000km avec carnet d&#8217;entretien compl\u00e9t\u00e9 chez Mercedes-Benz &#8211; Edition Limit\u00e9e \/**by Daimler** Pack Sport \/\/ &#8211; &#8211; Attelage Remorque Electrique Etat : Show-room &#8211; Virtual Cockpit &#8211; Syst\u00e8me Sonorisation Burmester &#8211; Grand GPS-Professionnel 3D &#8211; Reconnaissance automatique [&hellip;]<\/p>\n","protected":false},"featured_media":2588,"comment_status":"open","ping_status":"closed","template":"","meta":[],"product_brand":[],"product_cat":[63],"product_tag":[],"class_list":{"0":"post-2587","1":"product","2":"type-product","3":"status-publish","4":"has-post-thumbnail","6":"product_cat-mercedes-benz","8":"first","9":"instock","10":"shipping-taxable","11":"purchasable","12":"product-type-simple"},"_links":{"self":[{"href":"https:\/\/corsaire-auto35.com\/auto\/wp-json\/wp\/v2\/product\/2587","targetHints":{"allow":["GET"]}}],"collection":[{"href":"https:\/\/corsaire-auto35.com\/auto\/wp-json\/wp\/v2\/product"}],"about":[{"href":"https:\/\/corsaire-auto35.com\/auto\/wp-json\/wp\/v2\/types\/product"}],"replies":[{"embeddable":true,"href":"https:\/\/corsaire-auto35.com\/auto\/wp-json\/wp\/v2\/comments?post=2587"}],"wp:featuredmedia":[{"embeddable":true,"href":"https:\/\/corsaire-auto35.com\/auto\/wp-json\/wp\/v2\/media\/2588"}],"wp:attachment":[{"href":"https:\/\/corsaire-auto35.com\/auto\/wp-json\/wp\/v2\/media?parent=2587"}],"wp:term":[{"taxonomy":"product_brand","embeddable":true,"href":"https:\/\/corsaire-auto35.com\/auto\/wp-json\/wp\/v2\/product_brand?post=2587"},{"taxonomy":"product_cat","embeddable":true,"href":"https:\/\/corsaire-auto35.com\/auto\/wp-json\/wp\/v2\/product_cat?post=2587"},{"taxonomy":"product_tag","embeddable":true,"href":"https:\/\/corsaire-auto35.com\/auto\/wp-json\/wp\/v2\/product_tag?post=2587"}],"curies":[{"name":"wp","href":"https:\/\/api.w.org\/{rel}","templated":true}]}}