{"id":2506,"date":"2024-07-02T11:54:45","date_gmt":"2024-07-02T11:54:45","guid":{"rendered":"https:\/\/corsaire-auto35.com\/?post_type=product&#038;p=2506"},"modified":"2024-07-02T11:54:46","modified_gmt":"2024-07-02T11:54:46","slug":"volvo-xc40-1-5-t3","status":"publish","type":"product","link":"https:\/\/corsaire-auto35.com\/auto\/produto\/volvo-xc40-1-5-t3\/","title":{"rendered":"Volvo XC40 1.5 T3"},"content":{"rendered":"<hr \/>\n<ol>\n<li>essence Pack Sport R Design*\ud83d\udcafGarantie 1an*FullOption\ud83d\udcafharman\/kardon\/Toit ouvrant-150.000 km avec carnet d&#8217;entretien compl\u00e9t\u00e9 chez Volvo<br \/>\n&#8211; Edition Sp\u00e9ciale \/Pack SPORT* R-Design* \/Full option- Etat : Show-room<br \/>\n&#8211; Attache remorque amovible electrique- Volant Sport multi-fonctions avec partie basse aplatie<br \/>\n&#8211; Grand Toit ouvrant \/ Panoramique<br \/>\n&#8211; Virtual Cockpit- Grand Ecran<br \/>\n&#8211; Grand GPS Professionnel 3D<br \/>\n&#8211; Cam\u00e9ra \u00b0<br \/>\n&#8211; WiFi<br \/>\n&#8211; Apple CarPlay<br \/>\n&#8211; Android CarPlay<br \/>\n&#8211; Ciel de toit NOIR &#8211; * R-Design*- Vitres arri\u00e8res surteint\u00e9es<br \/>\n&#8211; Drive Select Suspensions r\u00e9glables : Confort, Auto, Dynamique, Individual SPORT<br \/>\n&#8211; Cruise control avec fonction de freinage<br \/>\n-** Vehicule Conduit toutes Seul gr\u00e2ce Marquage au Sol Possible de l\u00e2cher totalement Volant ***<br \/>\n&#8211; D\u00e9marrage sans cl\u00e9)KeLesGO<br \/>\n&#8211; Si\u00e8ges Sport Electrique R-Design** + chauffants + 3 Memoir<br \/>\n&#8211; R\u00e9troviseurs ext\u00e9rieurs rabattables \u00e9lectriquement<br \/>\n&#8211; Park Distance Control avant et arri\u00e8re+ lat\u00e9raux &#8212; Cam\u00e9ra<br \/>\n&#8211; Inserts de d\u00e9coration en Aluminium Bross\u00e9<br \/>\n&#8211; Volvo Phone Box (Chargement \u00e0 induction)<br \/>\n&#8211; Cam\u00e9ra+Parking Automatique avec assistance*<br \/>\n&#8211; Climatisation automatique \u00e9lectronique<br \/>\n&#8211; D\u00e9tecteur de lumi\u00e8re et de pluie<br \/>\n&#8211; Phares Directionnel Full LED<br \/>\n&#8211; T\u00e9l\u00e9phonie confort avec connectivit\u00e9 smartphone \u00e9tendue (Bluetooth)<br \/>\n&#8211; R\u00e9troviseurs rabattables + anti-\u00e9blouissement<br \/>\n&#8211; Reconnaissance vocale<br \/>\n&#8211; Radio DAB \/Bluetooth\/AUX<br \/>\n&#8211; Isofix<br \/>\n&#8211; Barres de toit<br \/>\n&#8211; Banquette arri\u00e8re rabattable<br \/>\n&#8211; Non-fumeur<br \/>\n&#8211; Hayon arri\u00e8re : Ouverture automatique (t\u00e9l\u00e9commande)<br \/>\n&#8211; Volvo XC 40 \/ 1477cc Essence \/115KW \/ 156CV<br \/>\n&#8211; EURO 6d TEMP<br \/>\n&#8211; Model 2019 \/1e immat.: 11\/2018<\/li>\n<\/ol>","protected":false},"excerpt":{"rendered":"<p>essence Pack Sport R Design*\ud83d\udcafGarantie 1an*FullOption\ud83d\udcafharman\/kardon\/Toit ouvrant-150.000 km avec carnet d&#8217;entretien compl\u00e9t\u00e9 chez Volvo &#8211; Edition Sp\u00e9ciale \/Pack SPORT* R-Design* \/Full option- Etat : Show-room &#8211; Attache remorque amovible electrique- Volant Sport multi-fonctions avec partie basse aplatie &#8211; Grand Toit ouvrant \/ Panoramique &#8211; Virtual Cockpit- Grand Ecran &#8211; Grand GPS Professionnel 3D &#8211; Cam\u00e9ra [&hellip;]<\/p>\n","protected":false},"featured_media":2507,"comment_status":"open","ping_status":"closed","template":"","meta":[],"product_brand":[],"product_cat":[77],"product_tag":[],"class_list":{"0":"post-2506","1":"product","2":"type-product","3":"status-publish","4":"has-post-thumbnail","6":"product_cat-volvo","8":"first","9":"instock","10":"shipping-taxable","11":"purchasable","12":"product-type-simple"},"_links":{"self":[{"href":"https:\/\/corsaire-auto35.com\/auto\/wp-json\/wp\/v2\/product\/2506","targetHints":{"allow":["GET"]}}],"collection":[{"href":"https:\/\/corsaire-auto35.com\/auto\/wp-json\/wp\/v2\/product"}],"about":[{"href":"https:\/\/corsaire-auto35.com\/auto\/wp-json\/wp\/v2\/types\/product"}],"replies":[{"embeddable":true,"href":"https:\/\/corsaire-auto35.com\/auto\/wp-json\/wp\/v2\/comments?post=2506"}],"wp:featuredmedia":[{"embeddable":true,"href":"https:\/\/corsaire-auto35.com\/auto\/wp-json\/wp\/v2\/media\/2507"}],"wp:attachment":[{"href":"https:\/\/corsaire-auto35.com\/auto\/wp-json\/wp\/v2\/media?parent=2506"}],"wp:term":[{"taxonomy":"product_brand","embeddable":true,"href":"https:\/\/corsaire-auto35.com\/auto\/wp-json\/wp\/v2\/product_brand?post=2506"},{"taxonomy":"product_cat","embeddable":true,"href":"https:\/\/corsaire-auto35.com\/auto\/wp-json\/wp\/v2\/product_cat?post=2506"},{"taxonomy":"product_tag","embeddable":true,"href":"https:\/\/corsaire-auto35.com\/auto\/wp-json\/wp\/v2\/product_tag?post=2506"}],"curies":[{"name":"wp","href":"https:\/\/api.w.org\/{rel}","templated":true}]}}