{"id":2488,"date":"2024-07-02T10:15:33","date_gmt":"2024-07-02T10:15:33","guid":{"rendered":"https:\/\/corsaire-auto35.com\/?post_type=product&#038;p=2488"},"modified":"2024-07-02T10:15:33","modified_gmt":"2024-07-02T10:15:33","slug":"volvo-xc-40-t4-awd-r-design","status":"publish","type":"product","link":"https:\/\/corsaire-auto35.com\/auto\/produto\/volvo-xc-40-t4-awd-r-design\/","title":{"rendered":"Volvo XC 40 T4 AWD R-Design"},"content":{"rendered":"<p>Caracter\u00edsticas t\u00e9cnicas :<br \/>\n&#8211; Ano do modelo: 06\/2022<br \/>\n&#8211; Quilometragem: 23.740 km<br \/>\n&#8211; Caixa de velocidades autom\u00e1tica<br \/>\n-Motor: Gasolina<br \/>\n&#8211; N\u00ba de vagas: 5 vagas<br \/>\n&#8211; Pot\u00eancia: 190 CV<br \/>\n&#8211; Deslocamento: 2 litros<br \/>\n&#8211; Transmiss\u00e3o: Tra\u00e7\u00e3o \u00e0s quatro rodas<\/p>","protected":false},"excerpt":{"rendered":"<p>Caracter\u00edsticas t\u00e9cnicas : &#8211; Ano do modelo: 06\/2022 &#8211; Quilometragem: 23.740 km &#8211; Caixa de velocidades autom\u00e1tica -Motor: Gasolina &#8211; N\u00ba de vagas: 5 vagas &#8211; Pot\u00eancia: 190 CV &#8211; Deslocamento: 2 litros &#8211; Transmiss\u00e3o: Tra\u00e7\u00e3o \u00e0s quatro rodas<\/p>","protected":false},"featured_media":2489,"comment_status":"open","ping_status":"closed","template":"","meta":[],"product_brand":[],"product_cat":[77],"product_tag":[],"class_list":{"0":"post-2488","1":"product","2":"type-product","3":"status-publish","4":"has-post-thumbnail","6":"product_cat-volvo","8":"first","9":"instock","10":"shipping-taxable","11":"purchasable","12":"product-type-simple"},"_links":{"self":[{"href":"https:\/\/corsaire-auto35.com\/auto\/wp-json\/wp\/v2\/product\/2488","targetHints":{"allow":["GET"]}}],"collection":[{"href":"https:\/\/corsaire-auto35.com\/auto\/wp-json\/wp\/v2\/product"}],"about":[{"href":"https:\/\/corsaire-auto35.com\/auto\/wp-json\/wp\/v2\/types\/product"}],"replies":[{"embeddable":true,"href":"https:\/\/corsaire-auto35.com\/auto\/wp-json\/wp\/v2\/comments?post=2488"}],"wp:featuredmedia":[{"embeddable":true,"href":"https:\/\/corsaire-auto35.com\/auto\/wp-json\/wp\/v2\/media\/2489"}],"wp:attachment":[{"href":"https:\/\/corsaire-auto35.com\/auto\/wp-json\/wp\/v2\/media?parent=2488"}],"wp:term":[{"taxonomy":"product_brand","embeddable":true,"href":"https:\/\/corsaire-auto35.com\/auto\/wp-json\/wp\/v2\/product_brand?post=2488"},{"taxonomy":"product_cat","embeddable":true,"href":"https:\/\/corsaire-auto35.com\/auto\/wp-json\/wp\/v2\/product_cat?post=2488"},{"taxonomy":"product_tag","embeddable":true,"href":"https:\/\/corsaire-auto35.com\/auto\/wp-json\/wp\/v2\/product_tag?post=2488"}],"curies":[{"name":"wp","href":"https:\/\/api.w.org\/{rel}","templated":true}]}}