{"id":471,"date":"2020-09-07T04:22:37","date_gmt":"2020-09-07T04:22:37","guid":{"rendered":"http:\/\/wpdemo.archiwp.com\/maxbizz\/?page_id=471"},"modified":"2024-06-27T00:26:06","modified_gmt":"2024-06-27T00:26:06","slug":"condicoes-de-venda","status":"publish","type":"page","link":"https:\/\/corsaire-auto35.com\/auto\/condicoes-de-venda\/","title":{"rendered":"Condi\u00e7\u00f5es de venda"},"content":{"rendered":"<div data-elementor-type=\"wp-page\" data-elementor-id=\"471\" class=\"elementor elementor-471\" data-elementor-post-type=\"page\">\n\t\t\t\t\t\t<section class=\"elementor-section elementor-top-section elementor-element elementor-element-70f2da9 elementor-section-boxed elementor-section-height-default elementor-section-height-default\" data-id=\"70f2da9\" data-element_type=\"section\" data-e-type=\"section\" data-settings=\"{&quot;ekit_has_onepagescroll_dot&quot;:&quot;yes&quot;}\">\n\t\t\t\t\t\t<div class=\"elementor-container elementor-column-gap-default\">\n\t\t\t\t\t\t<\/div>\n\t\t<\/section>\n\t\t\t\t<section class=\"elementor-section elementor-top-section elementor-element elementor-element-87eac54 elementor-section-boxed elementor-section-height-default elementor-section-height-default\" data-id=\"87eac54\" data-element_type=\"section\" data-e-type=\"section\" data-settings=\"{&quot;ekit_has_onepagescroll_dot&quot;:&quot;yes&quot;}\">\n\t\t\t\t\t\t<div class=\"elementor-container elementor-column-gap-default\">\n\t\t\t\t\t\t<\/div>\n\t\t<\/section>\n\t\t<div class=\"elementor-element elementor-element-11aa6ec e-flex e-con-boxed e-con e-parent\" data-id=\"11aa6ec\" data-element_type=\"container\" data-e-type=\"container\" data-settings=\"{&quot;ekit_has_onepagescroll_dot&quot;:&quot;yes&quot;}\">\n\t\t\t\t\t<div class=\"e-con-inner\">\n\t\t\t\t<div class=\"elementor-element elementor-element-219bdd8 elementor-widget elementor-widget-spacer\" data-id=\"219bdd8\" data-element_type=\"widget\" data-e-type=\"widget\" data-settings=\"{&quot;ekit_we_effect_on&quot;:&quot;none&quot;}\" data-widget_type=\"spacer.default\">\n\t\t\t\t<div class=\"elementor-widget-container\">\n\t\t\t\t\t\t\t<div class=\"elementor-spacer\">\n\t\t\t<div class=\"elementor-spacer-inner\"><\/div>\n\t\t<\/div>\n\t\t\t\t\t\t<\/div>\n\t\t\t\t<\/div>\n\t\t\t\t\t<\/div>\n\t\t\t\t<\/div>\n\t\t<div class=\"elementor-element elementor-element-b1af4a4 e-flex e-con-boxed e-con e-parent\" data-id=\"b1af4a4\" data-element_type=\"container\" data-e-type=\"container\" data-settings=\"{&quot;ekit_has_onepagescroll_dot&quot;:&quot;yes&quot;}\">\n\t\t\t\t\t<div class=\"e-con-inner\">\n\t\t\t\t<div class=\"elementor-element elementor-element-d652699 elementor-widget elementor-widget-text-editor\" data-id=\"d652699\" data-element_type=\"widget\" data-e-type=\"widget\" data-settings=\"{&quot;ekit_we_effect_on&quot;:&quot;none&quot;}\" data-widget_type=\"text-editor.default\">\n\t\t\t\t<div class=\"elementor-widget-container\">\n\t\t\t\t\t\t\t\t\t<p>A vantagem dos nossos pre\u00e7os de venda em rela\u00e7\u00e3o ao pre\u00e7o de mercado deve-se ao facto de as importa\u00e7\u00f5es efectuadas pela nossa empresa j\u00e1 n\u00e3o estarem sujeitas a um IVA adicional de 20%, uma vez que somos profissionais do sector autom\u00f3vel e dispomos de um n\u00famero de IVA INTRA para exportar para toda a Europa sem impostos adicionais.<\/p>\t\t\t\t\t\t\t\t<\/div>\n\t\t\t\t<\/div>\n\t\t\t\t\t<\/div>\n\t\t\t\t<\/div>\n\t\t<div class=\"elementor-element elementor-element-729ef52 e-flex e-con-boxed e-con e-parent\" data-id=\"729ef52\" data-element_type=\"container\" data-e-type=\"container\" data-settings=\"{&quot;ekit_has_onepagescroll_dot&quot;:&quot;yes&quot;}\">\n\t\t\t\t\t<div class=\"e-con-inner\">\n\t\t\t\t<div class=\"elementor-element elementor-element-0a00871 elementor-widget elementor-widget-heading\" data-id=\"0a00871\" data-element_type=\"widget\" data-e-type=\"widget\" data-settings=\"{&quot;ekit_we_effect_on&quot;:&quot;none&quot;}\" data-widget_type=\"heading.default\">\n\t\t\t\t<div class=\"elementor-widget-container\">\n\t\t\t\t\t<div class=\"elementor-heading-title elementor-size-default\">TERMOS DE ENTREGA<\/div>\t\t\t\t<\/div>\n\t\t\t\t<\/div>\n\t\t\t\t<div class=\"elementor-element elementor-element-e29d3e2 elementor-widget elementor-widget-text-editor\" data-id=\"e29d3e2\" data-element_type=\"widget\" data-e-type=\"widget\" data-settings=\"{&quot;ekit_we_effect_on&quot;:&quot;none&quot;}\" data-widget_type=\"text-editor.default\">\n\t\t\t\t<div class=\"elementor-widget-container\">\n\t\t\t\t\t\t\t\t\t<p>Fazemos entregas em todos os pa\u00edses da Europa e nas ilhas.<\/p><ul><li>O ve\u00edculo ser\u00e1 entregue com todos os documentos e registo em seu nome, matr\u00edcula portuguesa j\u00e1 legalizada. Taxas de legaliza\u00e7\u00e3o 15% do pre\u00e7o apresentado no an\u00fancio (As taxas de legaliza\u00e7\u00e3o n\u00e3o est\u00e3o inclu\u00eddas no pre\u00e7o do ve\u00edculo) Assim, para ter o pre\u00e7o de um ve\u00edculo com todos os impostos inclu\u00eddos, adicione 15% ao pre\u00e7o apresentado no an\u00fancio.<br \/><strong>Exemplo:<\/strong> para um ve\u00edculo que custa <strong>10.000<\/strong> <strong>euros<\/strong>, o pre\u00e7o com todos os impostos inclu\u00eddos ser\u00e1 de <strong>12.000<\/strong> <strong>euros<\/strong> (despesas de entrega standard j\u00e1 inclu\u00eddas).<br \/><br \/><\/li><li>Todos os nossos ve\u00edculos s\u00e3o vendidos com um controlo t\u00e9cnico atualizado, o documento de registo oficial e o certificado de n\u00e3o penhora, o certificado de conformidade europeu, o livro de servi\u00e7o do fabricante e as facturas de servi\u00e7o.<br \/><br \/><\/li><li>A nossa empresa encarrega-se de todas as formalidades administrativas para a legaliza\u00e7\u00e3o e o registo definitivo(1) do ve\u00edculo em nome do comprador.<br \/><br \/><\/li><li>Todos os nossos autom\u00f3veis s\u00e3o entregues com uma garantia m\u00ednima de 24 meses do fabricante, v\u00e1lida em todas as oficinas certificadas para a marca do ve\u00edculo em todos os pa\u00edses europeus.<\/li><\/ul>\t\t\t\t\t\t\t\t<\/div>\n\t\t\t\t<\/div>\n\t\t\t\t\t<\/div>\n\t\t\t\t<\/div>\n\t\t<div class=\"elementor-element elementor-element-027f9e7 e-flex e-con-boxed e-con e-parent\" data-id=\"027f9e7\" data-element_type=\"container\" data-e-type=\"container\" data-settings=\"{&quot;ekit_has_onepagescroll_dot&quot;:&quot;yes&quot;}\">\n\t\t\t\t\t<div class=\"e-con-inner\">\n\t\t\t\t<div class=\"elementor-element elementor-element-339c2a6 elementor-widget elementor-widget-heading\" data-id=\"339c2a6\" data-element_type=\"widget\" data-e-type=\"widget\" data-settings=\"{&quot;ekit_we_effect_on&quot;:&quot;none&quot;}\" data-widget_type=\"heading.default\">\n\t\t\t\t<div class=\"elementor-widget-container\">\n\t\t\t\t\t<div class=\"elementor-heading-title elementor-size-default\">TIPO, PRE\u00c7O E RASTREIO DA ENTREGA<\/div>\t\t\t\t<\/div>\n\t\t\t\t<\/div>\n\t\t\t\t<div class=\"elementor-element elementor-element-05e5400 elementor-widget elementor-widget-text-editor\" data-id=\"05e5400\" data-element_type=\"widget\" data-e-type=\"widget\" data-settings=\"{&quot;ekit_we_effect_on&quot;:&quot;none&quot;}\" data-widget_type=\"text-editor.default\">\n\t\t\t\t<div class=\"elementor-widget-container\">\n\t\t\t\t\t\t\t\t\t<ul><li>A entrega normal na Europa \u00e9 efectuada no prazo de <strong>5<\/strong> <strong>dias<\/strong> \u00fateis ap\u00f3s a valida\u00e7\u00e3o da encomenda com todos os documentos e formalidades administrativas necess\u00e1rias, por um pre\u00e7o fixo de <strong>500<\/strong> <strong>euros<\/strong>. Para as ilhas, a entrega normal demora 2 semanas por um pre\u00e7o fixo de <strong>1.000<\/strong> <strong>euros<\/strong>.<br \/><br \/><\/li><li>Entrega VIP em Portugal <img decoding=\"async\" src=\"data:image\/gif;base64,R0lGODlhAQABAIAAAAAAAP\/\/\/yH5BAEAAAAALAAAAAABAAEAAAIBRAA7\" alt=\"\ud83c\uddf5\ud83c\uddf9\" \/>\ud83c\uddf5\ud83c\uddf9 \u00e9 efectuada no prazo de <strong>3<\/strong> <strong>dias<\/strong> ap\u00f3s a confirma\u00e7\u00e3o da encomenda, com todos os documentos necess\u00e1rios e formalidades administrativas, por um pre\u00e7o fixo de <strong>1.000<\/strong> euros. Para as ilhas, o autom\u00f3vel \u00e9 entregue num contentor de <strong>20<\/strong> p\u00e9s ap\u00f3s uma semana, por um pre\u00e7o fixo de <strong>1500<\/strong> <strong>euros<\/strong>.<br \/><br \/><\/li><li>Para que o cliente possa acompanhar cada etapa da sua encomenda e a entrega do seu ve\u00edculo, assim que a sua encomenda for validada, ser-lhe-\u00e1 enviado um c\u00f3digo de acompanhamento para que possa seguir a evolu\u00e7\u00e3o da sua encomenda e a sua entrega a partir da plataforma da empresa respons\u00e1vel pelas nossas entregas.<\/li><\/ul>\t\t\t\t\t\t\t\t<\/div>\n\t\t\t\t<\/div>\n\t\t\t\t\t<\/div>\n\t\t\t\t<\/div>\n\t\t<div class=\"elementor-element elementor-element-5a9fdeb e-flex e-con-boxed e-con e-parent\" data-id=\"5a9fdeb\" data-element_type=\"container\" data-e-type=\"container\" data-settings=\"{&quot;ekit_has_onepagescroll_dot&quot;:&quot;yes&quot;}\">\n\t\t\t\t\t<div class=\"e-con-inner\">\n\t\t\t\t<div class=\"elementor-element elementor-element-08acf0a elementor-widget elementor-widget-heading\" data-id=\"08acf0a\" data-element_type=\"widget\" data-e-type=\"widget\" data-settings=\"{&quot;ekit_we_effect_on&quot;:&quot;none&quot;}\" data-widget_type=\"heading.default\">\n\t\t\t\t<div class=\"elementor-widget-container\">\n\t\t\t\t\t<div class=\"elementor-heading-title elementor-size-default\">TERMOS DO PEDIDO\n(OBRIGAT\u00d3RIAS E N\u00c3O NEGOCI\u00c1VEIS)<\/div>\t\t\t\t<\/div>\n\t\t\t\t<\/div>\n\t\t\t\t<div class=\"elementor-element elementor-element-e06478f elementor-widget elementor-widget-text-editor\" data-id=\"e06478f\" data-element_type=\"widget\" data-e-type=\"widget\" data-settings=\"{&quot;ekit_we_effect_on&quot;:&quot;none&quot;}\" data-widget_type=\"text-editor.default\">\n\t\t\t\t<div class=\"elementor-widget-container\">\n\t\t\t\t\t\t\t\t\t<ul><li><strong>ENCOMENDA COM UM DEP\u00d3SITO DE 30%:<\/strong><p><span style=\"color: var( --e-global-color-text ); font-weight: var( --e-global-typography-text-font-weight ); text-align: var(--text-align);\">Para encomendar um ve\u00edculo, ser-lhe-\u00e1 dado um or\u00e7amento de encomenda. <\/span>Na sequ\u00eancia deste or\u00e7amento, exigimos um dep\u00f3sito de 25% + as despesas de legaliza\u00e7\u00e3o do ve\u00edculo, 15% do pre\u00e7o indicado no an\u00fancio + despesas de entrega de 500\u20ac, uma vez que n\u00e3o podemos transportar um ve\u00edculo sem qualquer compromisso de compra. <br \/>A cau\u00e7\u00e3o ( 25% + 15% legaliza\u00e7\u00e3o + 500\u20ac despesas de entrega )<\/p><p>Eis um exemplo: De uma forma mais clara, se o cliente quiser encomendar um carro exposto a 10.000\u20ac optando pela entrega standard em Portugal <img decoding=\"async\" class=\"emoji\" role=\"img\" draggable=\"false\" src=\"https:\/\/s.w.org\/images\/core\/emoji\/15.0.3\/svg\/1f1f5-1f1f9.svg\" alt=\"\ud83c\uddf5\ud83c\uddf9\" \/> , ter\u00e1 de pagar 4500\u20ac (25% dos 10000\u20ac + custos de legaliza\u00e7\u00e3o 1500\u20ac ou 15% dos 10000\u20ac + custos de entrega de 500\u20ac) como cau\u00e7\u00e3o.<\/p><p><span style=\"color: var( --e-global-color-text ); font-weight: var( --e-global-typography-text-font-weight ); text-align: var(--text-align);\">Os restantes 75% s\u00e3o pagos no ato da entrega se o ve\u00edculo for do seu agrado.<\/span><\/p><p>Se o ve\u00edculo n\u00e3o for do seu agrado ap\u00f3s verifica\u00e7\u00e3o no ato da entrega, pode ser recusado e o seu dep\u00f3sito ser\u00e1 reembolsado imediatamente sem custos de entrega (500\u20ac).<\/p><\/li><\/ul>\t\t\t\t\t\t\t\t<\/div>\n\t\t\t\t<\/div>\n\t\t\t\t<div class=\"elementor-element elementor-element-ad059b7 elementor-widget elementor-widget-text-editor\" data-id=\"ad059b7\" data-element_type=\"widget\" data-e-type=\"widget\" data-settings=\"{&quot;ekit_we_effect_on&quot;:&quot;none&quot;}\" data-widget_type=\"text-editor.default\">\n\t\t\t\t<div class=\"elementor-widget-container\">\n\t\t\t\t\t\t\t\t\t<ul><li><strong>ENCOMENDA COM UM DEP\u00d3SITO DE 50%:<\/strong><p>O cliente pode optar por validar a sua encomenda atrav\u00e9s do pagamento de um dep\u00f3sito de encomenda de 50%, acrescido dos custos de legaliza\u00e7\u00e3o, para beneficiar de um desconto de 15% sobre o pre\u00e7o anunciado do ve\u00edculo.<\/p><p>O pagamento do dep\u00f3sito \u00e9 efectuado ap\u00f3s a elabora\u00e7\u00e3o da nota de encomenda para validar definitivamente a encomenda.<\/p><\/li><\/ul>\t\t\t\t\t\t\t\t<\/div>\n\t\t\t\t<\/div>\n\t\t\t\t<div class=\"elementor-element elementor-element-76c3ef5 elementor-widget elementor-widget-spacer\" data-id=\"76c3ef5\" data-element_type=\"widget\" data-e-type=\"widget\" data-settings=\"{&quot;ekit_we_effect_on&quot;:&quot;none&quot;}\" data-widget_type=\"spacer.default\">\n\t\t\t\t<div class=\"elementor-widget-container\">\n\t\t\t\t\t\t\t<div class=\"elementor-spacer\">\n\t\t\t<div class=\"elementor-spacer-inner\"><\/div>\n\t\t<\/div>\n\t\t\t\t\t\t<\/div>\n\t\t\t\t<\/div>\n\t\t\t\t\t<\/div>\n\t\t\t\t<\/div>\n\t\t\t\t<section class=\"elementor-section elementor-top-section elementor-element elementor-element-43b9721 elementor-section-boxed elementor-section-height-default elementor-section-height-default\" data-id=\"43b9721\" data-element_type=\"section\" data-e-type=\"section\" data-settings=\"{&quot;background_background&quot;:&quot;classic&quot;,&quot;ekit_has_onepagescroll_dot&quot;:&quot;yes&quot;}\">\n\t\t\t\t\t\t<div class=\"elementor-container elementor-column-gap-extended\">\n\t\t\t\t\t<div class=\"elementor-column elementor-col-25 elementor-top-column elementor-element elementor-element-d5de33e ot-flex-column-vertical\" data-id=\"d5de33e\" data-element_type=\"column\" data-e-type=\"column\">\n\t\t\t<div class=\"elementor-widget-wrap elementor-element-populated\">\n\t\t\t\t\t\t<div class=\"elementor-element elementor-element-6bacaff number-left elementor-widget elementor-widget-icounter\" data-id=\"6bacaff\" data-element_type=\"widget\" data-e-type=\"widget\" data-settings=\"{&quot;ekit_we_effect_on&quot;:&quot;none&quot;}\" data-widget_type=\"icounter.default\">\n\t\t\t\t<div class=\"elementor-widget-container\">\n\t\t\t\t\t    \t<div class=\"ot-counter icounter\" data-counter=\"2\">\r\n        \t<div class=\"c-number\">\r\n        \t\t<span class=\"num\" data-to=\"2\" data-time= \"2000\"><\/span><span>K<\/span>        \t<\/div>\r\n        \t<h6>Carro <br>dispon\u00edvel <\/h6>      \t\t\t\t        \r\n\t    <\/div>\r\n\t    \t\t\t\t<\/div>\n\t\t\t\t<\/div>\n\t\t\t\t\t<\/div>\n\t\t<\/div>\n\t\t\t\t<div class=\"elementor-column elementor-col-25 elementor-top-column elementor-element elementor-element-16c3115 ot-flex-column-vertical\" data-id=\"16c3115\" data-element_type=\"column\" data-e-type=\"column\">\n\t\t\t<div class=\"elementor-widget-wrap elementor-element-populated\">\n\t\t\t\t\t\t<div class=\"elementor-element elementor-element-c37fd37 number-left elementor-widget elementor-widget-icounter\" data-id=\"c37fd37\" data-element_type=\"widget\" data-e-type=\"widget\" data-settings=\"{&quot;ekit_we_effect_on&quot;:&quot;none&quot;}\" data-widget_type=\"icounter.default\">\n\t\t\t\t<div class=\"elementor-widget-container\">\n\t\t\t\t\t    \t<div class=\"ot-counter icounter\" data-counter=\"23\">\r\n        \t<div class=\"c-number\">\r\n        \t\t<span class=\"num\" data-to=\"23\" data-time= \"2000\"><\/span>        \t<\/div>\r\n        \t<h6>Marcas  <br>diferentes<\/h6>      \t\t\t\t        \r\n\t    <\/div>\r\n\t    \t\t\t\t<\/div>\n\t\t\t\t<\/div>\n\t\t\t\t\t<\/div>\n\t\t<\/div>\n\t\t\t\t<div class=\"elementor-column elementor-col-25 elementor-top-column elementor-element elementor-element-7ae7235 ot-flex-column-vertical\" data-id=\"7ae7235\" data-element_type=\"column\" data-e-type=\"column\">\n\t\t\t<div class=\"elementor-widget-wrap elementor-element-populated\">\n\t\t\t\t\t\t<div class=\"elementor-element elementor-element-87a26c7 number-left elementor-widget elementor-widget-icounter\" data-id=\"87a26c7\" data-element_type=\"widget\" data-e-type=\"widget\" data-settings=\"{&quot;ekit_we_effect_on&quot;:&quot;none&quot;}\" data-widget_type=\"icounter.default\">\n\t\t\t\t<div class=\"elementor-widget-container\">\n\t\t\t\t\t    \t<div class=\"ot-counter icounter\" data-counter=\"15\">\r\n        \t<div class=\"c-number\">\r\n        \t\t<span class=\"num\" data-to=\"15\" data-time= \"2000\"><\/span>        \t<\/div>\r\n        \t<h6>Anos de<br>experi\u00eancia<\/h6>      \t\t\t\t        \r\n\t    <\/div>\r\n\t    \t\t\t\t<\/div>\n\t\t\t\t<\/div>\n\t\t\t\t\t<\/div>\n\t\t<\/div>\n\t\t\t\t<div class=\"elementor-column elementor-col-25 elementor-top-column elementor-element elementor-element-54b99f5 ot-flex-column-vertical\" data-id=\"54b99f5\" data-element_type=\"column\" data-e-type=\"column\">\n\t\t\t<div class=\"elementor-widget-wrap elementor-element-populated\">\n\t\t\t\t\t\t<div class=\"elementor-element elementor-element-af4ceaf number-left elementor-widget elementor-widget-icounter\" data-id=\"af4ceaf\" data-element_type=\"widget\" data-e-type=\"widget\" data-settings=\"{&quot;ekit_we_effect_on&quot;:&quot;none&quot;}\" data-widget_type=\"icounter.default\">\n\t\t\t\t<div class=\"elementor-widget-container\">\n\t\t\t\t\t    \t<div class=\"ot-counter icounter\" data-counter=\"76\">\r\n        \t<div class=\"c-number\">\r\n        \t\t<span class=\"num\" data-to=\"76\" data-time= \"2000\"><\/span>        \t<\/div>\r\n        \t<h6>Vendidos<br>este m\u00eas<\/h6>      \t\t\t\t        \r\n\t    <\/div>\r\n\t    \t\t\t\t<\/div>\n\t\t\t\t<\/div>\n\t\t\t\t\t<\/div>\n\t\t<\/div>\n\t\t\t\t\t<\/div>\n\t\t<\/section>\n\t\t\t\t<\/div>","protected":false},"excerpt":{"rendered":"<p>A vantagem dos nossos pre\u00e7os de venda em rela\u00e7\u00e3o ao pre\u00e7o de mercado deve-se ao facto de as importa\u00e7\u00f5es efectuadas pela nossa empresa j\u00e1 n\u00e3o estarem sujeitas a um IVA adicional de 20%, uma vez que somos profissionais do sector autom\u00f3vel e dispomos de um n\u00famero de IVA INTRA para exportar para toda a Europa [&hellip;]<\/p>\n","protected":false},"author":1,"featured_media":0,"parent":0,"menu_order":0,"comment_status":"closed","ping_status":"closed","template":"","meta":{"footnotes":""},"class_list":["post-471","page","type-page","status-publish","hentry"],"_hostinger_reach_plugin_has_subscription_block":false,"_hostinger_reach_plugin_is_elementor":false,"_links":{"self":[{"href":"https:\/\/corsaire-auto35.com\/auto\/wp-json\/wp\/v2\/pages\/471","targetHints":{"allow":["GET"]}}],"collection":[{"href":"https:\/\/corsaire-auto35.com\/auto\/wp-json\/wp\/v2\/pages"}],"about":[{"href":"https:\/\/corsaire-auto35.com\/auto\/wp-json\/wp\/v2\/types\/page"}],"author":[{"embeddable":true,"href":"https:\/\/corsaire-auto35.com\/auto\/wp-json\/wp\/v2\/users\/1"}],"replies":[{"embeddable":true,"href":"https:\/\/corsaire-auto35.com\/auto\/wp-json\/wp\/v2\/comments?post=471"}],"version-history":[{"count":160,"href":"https:\/\/corsaire-auto35.com\/auto\/wp-json\/wp\/v2\/pages\/471\/revisions"}],"predecessor-version":[{"id":2015,"href":"https:\/\/corsaire-auto35.com\/auto\/wp-json\/wp\/v2\/pages\/471\/revisions\/2015"}],"wp:attachment":[{"href":"https:\/\/corsaire-auto35.com\/auto\/wp-json\/wp\/v2\/media?parent=471"}],"curies":[{"name":"wp","href":"https:\/\/api.w.org\/{rel}","templated":true}]}}